{"id":16167,"date":"2019-07-26T11:17:33","date_gmt":"2019-07-26T11:17:33","guid":{"rendered":"https:\/\/www.cerraber.es\/politica-de-privacitat\/"},"modified":"2019-07-26T11:17:33","modified_gmt":"2019-07-26T11:17:33","slug":"politica-de-privacitat","status":"publish","type":"page","link":"https:\/\/www.cerraber.es\/ca\/politica-de-privacitat\/","title":{"rendered":"Pol\u00edtica de privacitat"},"content":{"rendered":"<h2>Pol\u00edtica de Protecci\u00f3 de Dades de Car\u00e0cter Personal<\/h2>\n<p>El titular de la web i responsable del tractament, \u00e9s BERNARDO MIRAM\u00d3N BRAVO (CERRABER) amb domicili en C\/ Joaquin Sorolla, 6 46880 BOCAIRENT (Val\u00e8ncia) i NIF 00.811.372-R i ho posa a la disposici\u00f3 dels usuaris d&#8217;Internet, amb la fi tant de proporcionar informaci\u00f3 sobre els serveis que presta BERNARDO MIRAM\u00d3N BRAVO (CERRABER), aix\u00ed com el de permetre la prestaci\u00f3 de serveis a trav\u00e9s del Portal.<\/p>\n<p><strong>Dades de Contacte<\/strong><\/p>\n<p>Tel\u00e8fon de contacte: 627 222 529<\/p>\n<p>Email: <a href=\"mailto:info@cerraber.es\">info@cerraber.es<\/a><\/p>\n<p>Per a qualsevol gesti\u00f3 o sol\u00b7licitud pel que fa a la privadesa de BERNARDO MIRAM\u00d3N BRAVO (CERRABER), l&#8217;usuari podr\u00e0 dirigir-se a la nostra adre\u00e7a de correu electr\u00f2nic <a href=\"mailto:info@cerraber.es\">info@cerraber.es<\/a><\/p>\n<p>&nbsp;<\/p>\n<h3>1.- Finalitat Amb quines finalitats tractem les seues dades?<\/h3>\n<p>BERNARDO MIRAM\u00d3N BRAVO (CERRABER) informa a l&#8217;Usuari de l&#8217;exist\u00e8ncia d&#8217;un tractament de dades de car\u00e0cter personal (denominat &#8220;USUARIS WEB&#8221;) creat amb les dades obtingudes en la p\u00e0gina web per i per a BERNARDO MIRAM\u00d3N BRAVO (CERRABER) i sota la seua responsabilitat.<\/p>\n<p>Aquest tractament ha sigut creat amb la finalitat de facilitar informaci\u00f3 sobre la prestaci\u00f3 dels serveis oferits pel Portal, aix\u00ed com atendre i gestionar les consultes realitzades pels usuaris a trav\u00e9s d&#8217;aquesta via.<\/p>\n<p>Els terminis de conservaci\u00f3 de les dades que els usuaris ens proporcionen a trav\u00e9s dels formularis presents en la web s\u00f3n els seg\u00fcents:<\/p>\n<ul>\n<li>En el cas de consultes: Una vegada contestada la consulta, l&#8217;any en curs<\/li>\n<li>En el cas de contractar algun dels nostres serveis: Mentre dure la relaci\u00f3 contractual<\/li>\n<\/ul>\n<h3>\n2.- Legitimaci\u00f3 Quin \u00e9s la legitimaci\u00f3 per al tractament de les seues dades?<\/h3>\n<p>La base legal per al tractament de les dades personals dels usuaris \u00e9s el propi consentiment de l&#8217;interessat.<\/p>\n<p>Aix\u00ed mateix, l&#8217;oferta prospectiva de serveis est\u00e0 basada en el consentiment que se sol\u00b7licita a l&#8217;usuari sense que en cap cas la retirada d&#8217;aquest consentiment condicione l&#8217;execuci\u00f3 d&#8217;altres finalitats.<\/p>\n<p>L&#8217;usuari no t\u00e9 l&#8217;obligaci\u00f3 de facilitar-nos les seues dades personals, per\u00f2 en cas de no facilitar-nos les dades m\u00ednimes sol\u00b7licitades, no es podran dur a terme les operacions que s&#8217;ofereixen online en la nostra web, tals com atendre les consultes, contactar, deixar un comentari, participar i\/o accedir a segons quins apartats de la web.<\/p>\n<p>A m\u00e9s, informem que l&#8217;usuari podr\u00e0 revocar el consentiment per a la recollida i tractament de les seues dades personals en qualsevol moment, mitjan\u00e7ant el procediment que establim per a a\u00e7\u00f2, sense que a\u00e7\u00f2 afecte a la licitud del tractament basat en el consentiment previ a la seua retirada.<\/p>\n<h3>\n3.- Destinataris A quins destinataris es comunicaran les seues dades?<\/h3>\n<p>Les dades que s&#8217;arrepleguen en aquesta web mitjan\u00e7ant els formularis corresponents no seran cedits a tercers i \u00fanicament podran ser objecte de comunicaci\u00f3 a altres empreses que exerceixen d&#8217;encarregats del tractament de dades personals, i que solament tractaran les dades conforme a les estrictes indicacions que BERNARDO MIRAM\u00d3N BRAVO (CERRABER) estableix amb aquests encarregats. En tot cas les dades seran comunicades dins de l&#8217;espai de la Uni\u00f3 Europea i solament per a les finalitats anteriorment indicades.<\/p>\n<h3>\n4.- Quins s\u00f3n els seus drets quan ens facilita les seues dades?<\/h3>\n<p>Als usuaris de la web titularitat de BERNARDO MIRAM\u00d3N BRAVO (CERRABER) se&#8217;ls garanteix els drets que s&#8217;estableixen en la legislaci\u00f3 en mat\u00e8ria de Protecci\u00f3 de Dades Personals:<\/p>\n<p>En primer lloc, l&#8217;usuari t\u00e9 dret a obtenir una confirmaci\u00f3 sobre si en BERNARDO MIRAM\u00d3N BRAVO (CERRABER) s&#8217;estan tractant dades personals que li concernisquen o no.<\/p>\n<p>Els usuaris tindran dret a accedir a les seues dades personals, aix\u00ed com a sol\u00b7licitar la rectificaci\u00f3 de les dades que siguen inexactes o, si escau, sol\u00b7licitar la seua supressi\u00f3 quan, entre altres motius, les dades ja no siguen necessaris per a les finalitats que van ser arreplegats.<\/p>\n<p>Els usuaris tenen dret a oposar-se al tractament de les seues dades personals, per la qual cosa BERNARDO MIRAM\u00d3N BRAVO (CERRABER) deixar\u00e0 de tractar les seues dades, excepte si existeixen motius leg\u00edtims, imperiosos, o l&#8217;exercici o la defensa de possibles reclamacions.<\/p>\n<p>Els usuaris tenen la facultat de sol\u00b7licitar a BERNARDO MIRAM\u00d3N BRAVO (CERRABER) que limite els tractaments de les seues dades personals quan es complisquen els requisits que el reglament UE 2016\/679 i la llei org\u00e0nica 3\/2018, de 5 de desembre, de protecci\u00f3 de dades personals i garantia dels drets digitals exigeixen.<\/p>\n<p>BERNARDO MIRAM\u00d3N BRAVO (CERRABER) l&#8217;informa que t\u00e9 implantades les mesures de seguretat d&#8217;\u00edndole t\u00e8cnica i organitzatives necess\u00e0ries que garantisquen la seguretat de les seues dades de car\u00e0cter personal i eviten la seua alteraci\u00f3, p\u00e8rdua, tractament i\/o acc\u00e9s no autoritzat, segons el que es disposa en el RGPD 2016\/679 de 27 d&#8217;abril de 2016 i la Llei Org\u00e0nica 3\/2018, de 5 de desembre, de Protecci\u00f3 de Dades Personals i garantia dels drets digitals.<\/p>\n<p>Finalment, informem que qualsevol interessat podr\u00e0 presentar una reclamaci\u00f3 davant l&#8217;Ag\u00e8ncia Espanyola de Protecci\u00f3 de Dades, especialment quan no haja obtingut satisfacci\u00f3 en l&#8217;exercici dels seus drets.<\/p>\n<p>En el seg\u00fcent enlla\u00e7 obtindr\u00e0 m\u00e9s informaci\u00f3 sobre les reclamacions davant l&#8217;Ag\u00e8ncia Espanyola de Protecci\u00f3 de Dades:<\/p>\n<p><a href=\"https:\/\/sedeagpd.gob.es\/sede-electronica-web\/vistas\/formspam\/spamdenuncia.jsf;jsessionid=3FC268F548C59FFD4F289FCC645855EA\" target=\"_blank\" rel=\"noopener noreferrer\">https:\/\/sedeagpd.gob.es\/sede-electronica-web\/vistas\/formspam\/spamdenuncia.jsf;jsessionid=3FC268F548C59FFD4F289FCC645855EA<\/a><\/p>\n<h3>5.- Comunicacions Comercials<\/h3>\n<p>BERNARDO MIRAM\u00d3N BRAVO (CERRABER) podr\u00e0 enviar comunicacions comercials per qualsevol mitj\u00e0 amb ple respecte a la legislaci\u00f3 que en mat\u00e8ria de protecci\u00f3 de dades personals es trobe vigent.<\/p>\n<p>Per a les comunicacions comercials realitzades a trav\u00e9s del correu electr\u00f2nic i mitjans equivalents en compliment del que es disposa en la Llei 34\/2002, d&#8217;11 de juliol, de Serveis de la Societat de la Informaci\u00f3 i de Comer\u00e7 Electr\u00f2nic, ser\u00e0 degudament recaptat el consentiment de l&#8217;Usuari en el moment d&#8217;arreplegar les dades corresponents. L&#8217;Usuari podr\u00e0 revocar en qualsevol moment el consentiment prestat a la recepci\u00f3 de les comunicacions personals amb la simple notificaci\u00f3 de la seua voluntat a BERNARDO MIRAM\u00d3N BRAVO (CERRABER) (a la nostra adre\u00e7a de correu electr\u00f2nic <a href=\"mailto:info@cerraber.es\">info@cerraber.es<\/a>).<\/p>\n","protected":false},"excerpt":{"rendered":"<p>Pol\u00edtica de Protecci\u00f3 de Dades de Car\u00e0cter Personal El titular de la web i responsable del tractament, \u00e9s BERNARDO MIRAM\u00d3N BRAVO (CERRABER) amb domicili en C\/ Joaquin Sorolla, 6 46880 BOCAIRENT (Val\u00e8ncia) i NIF 00.811.372-R i ho posa a la disposici\u00f3 dels usuaris d&#8217;Internet, amb la fi tant de proporcionar informaci\u00f3 sobre els serveis que presta BERNARDO MIRAM\u00d3N BRAVO (CERRABER), aix\u00ed com el de permetre la prestaci\u00f3 de serveis a trav\u00e9s del Portal. Dades de Contacte Tel\u00e8fon de contacte: 627 222 529 Email: info@cerraber.es Per a qualsevol gesti\u00f3 o sol\u00b7licitud pel que fa a la privadesa de BERNARDO MIRAM\u00d3N BRAVO (CERRABER), l&#8217;usuari podr\u00e0 dirigir-se a la nostra adre\u00e7a de correu electr\u00f2nic info@cerraber.es &nbsp; 1.- Finalitat Amb quines finalitats tractem les seues dades? BERNARDO MIRAM\u00d3N BRAVO (CERRABER) informa a l&#8217;Usuari de l&#8217;exist\u00e8ncia d&#8217;un tractament de dades de car\u00e0cter personal (denominat &#8220;USUARIS WEB&#8221;) creat amb les dades obtingudes en la p\u00e0gina web per i per a BERNARDO MIRAM\u00d3N BRAVO (CERRABER) i sota la seua responsabilitat. Aquest tractament ha sigut creat amb la finalitat de facilitar informaci\u00f3 sobre la prestaci\u00f3 dels serveis oferits pel Portal, aix\u00ed com atendre i gestionar les consultes realitzades pels usuaris a trav\u00e9s d&#8217;aquesta via. Els terminis de conservaci\u00f3 [&hellip;]<\/p>\n","protected":false},"author":1,"featured_media":0,"parent":0,"menu_order":0,"comment_status":"closed","ping_status":"closed","template":"","meta":{"_joinchat":[],"footnotes":""},"class_list":["post-16167","page","type-page","status-publish","hentry"],"_links":{"self":[{"href":"https:\/\/www.cerraber.es\/ca\/wp-json\/wp\/v2\/pages\/16167","targetHints":{"allow":["GET"]}}],"collection":[{"href":"https:\/\/www.cerraber.es\/ca\/wp-json\/wp\/v2\/pages"}],"about":[{"href":"https:\/\/www.cerraber.es\/ca\/wp-json\/wp\/v2\/types\/page"}],"author":[{"embeddable":true,"href":"https:\/\/www.cerraber.es\/ca\/wp-json\/wp\/v2\/users\/1"}],"replies":[{"embeddable":true,"href":"https:\/\/www.cerraber.es\/ca\/wp-json\/wp\/v2\/comments?post=16167"}],"version-history":[{"count":0,"href":"https:\/\/www.cerraber.es\/ca\/wp-json\/wp\/v2\/pages\/16167\/revisions"}],"wp:attachment":[{"href":"https:\/\/www.cerraber.es\/ca\/wp-json\/wp\/v2\/media?parent=16167"}],"curies":[{"name":"wp","href":"https:\/\/api.w.org\/{rel}","templated":true}]}}